{"id":1006,"date":"2024-02-06T14:04:58","date_gmt":"2024-02-06T14:04:58","guid":{"rendered":"https:\/\/acss2024.uem.mz\/?page_id=1006"},"modified":"2024-02-22T11:05:56","modified_gmt":"2024-02-22T11:05:56","slug":"comissao-organizadora-2","status":"publish","type":"page","link":"https:\/\/acss2024.uem.mz\/index.php\/pt\/comissao-organizadora-2\/","title":{"rendered":"Comiss\u00e3o organizadora"},"content":{"rendered":"\t\t<div data-elementor-type=\"wp-page\" data-elementor-id=\"1006\" class=\"elementor elementor-1006\">\n\t\t\t\t\t\t\t<div class=\"elementor-element elementor-element-65320c6 e-flex e-con-boxed e-con e-parent\" data-id=\"65320c6\" data-element_type=\"container\" data-settings=\"{&quot;background_background&quot;:&quot;classic&quot;,&quot;content_width&quot;:&quot;boxed&quot;}\" data-core-v316-plus=\"true\">\n\t\t\t\t\t<div class=\"e-con-inner\">\n\t\t\t\t<div class=\"elementor-element elementor-element-60ba33a elementor-widget elementor-widget-heading\" data-id=\"60ba33a\" data-element_type=\"widget\" data-widget_type=\"heading.default\">\n\t\t\t\t<div class=\"elementor-widget-container\">\n\t\t\t<style>\/*! elementor - v3.18.0 - 08-12-2023 *\/\n.elementor-heading-title{padding:0;margin:0;line-height:1}.elementor-widget-heading .elementor-heading-title[class*=elementor-size-]>a{color:inherit;font-size:inherit;line-height:inherit}.elementor-widget-heading .elementor-heading-title.elementor-size-small{font-size:15px}.elementor-widget-heading .elementor-heading-title.elementor-size-medium{font-size:19px}.elementor-widget-heading .elementor-heading-title.elementor-size-large{font-size:29px}.elementor-widget-heading .elementor-heading-title.elementor-size-xl{font-size:39px}.elementor-widget-heading .elementor-heading-title.elementor-size-xxl{font-size:59px}<\/style><h1 class=\"elementor-heading-title elementor-size-default\">Comiss\u00e3o Organizadora <\/h1>\t\t<\/div>\n\t\t\t\t<\/div>\n\t\t\t\t\t<\/div>\n\t\t\t\t<\/div>\n\t\t<div class=\"elementor-element elementor-element-25c4644 e-flex e-con-boxed e-con e-parent\" data-id=\"25c4644\" data-element_type=\"container\" data-settings=\"{&quot;content_width&quot;:&quot;boxed&quot;}\" data-core-v316-plus=\"true\">\n\t\t\t\t\t<div class=\"e-con-inner\">\n\t\t\t\t<div class=\"elementor-element elementor-element-f3f5046 elementor-widget elementor-widget-text-editor\" data-id=\"f3f5046\" data-element_type=\"widget\" data-widget_type=\"text-editor.default\">\n\t\t\t\t<div class=\"elementor-widget-container\">\n\t\t\t<style>\/*! elementor - v3.18.0 - 08-12-2023 *\/\n.elementor-widget-text-editor.elementor-drop-cap-view-stacked .elementor-drop-cap{background-color:#69727d;color:#fff}.elementor-widget-text-editor.elementor-drop-cap-view-framed .elementor-drop-cap{color:#69727d;border:3px solid;background-color:transparent}.elementor-widget-text-editor:not(.elementor-drop-cap-view-default) .elementor-drop-cap{margin-top:8px}.elementor-widget-text-editor:not(.elementor-drop-cap-view-default) .elementor-drop-cap-letter{width:1em;height:1em}.elementor-widget-text-editor .elementor-drop-cap{float:left;text-align:center;line-height:1;font-size:50px}.elementor-widget-text-editor .elementor-drop-cap-letter{display:inline-block}<\/style>\t\t\t\t<table><tbody><tr><td><strong>Presidente:<\/strong><\/td><td>Prof\u00aa. Am\u00e9lia Sidumo<\/td><\/tr><tr><td><strong>Presidente da ACSS:<\/strong><\/td><td>Prof\u00aa. Dr\u00aa. Lu\u00edsa Santos<\/td><\/tr><tr><td><strong>Secretariado:<\/strong><\/td><td>Sr. Cremildo Chiconela e Sra. Kiara Dimande<\/td><\/tr><tr><td><strong>Endere\u00e7o:<\/strong><\/td><td><p>Faculdade de Agronomia e Engenharia Florestal, Universidade Eduardo Mondlane<\/p><p>Maputo, Mo\u00e7ambique<\/p><\/td><\/tr><tr><td><strong>Email:<\/strong><\/td><td>acss2024@uem.mz<\/td><\/tr><tr><td><strong>Telefone:<\/strong><\/td><td>(+258) 867800264<\/td><\/tr><\/tbody><\/table>\t\t\t\t\t\t<\/div>\n\t\t\t\t<\/div>\n\t\t\t\t\t<\/div>\n\t\t\t\t<\/div>\n\t\t\t\t\t\t\t<\/div>\n\t\t","protected":false},"excerpt":{"rendered":"<p>Comiss\u00e3o Organizadora Presidente: Prof\u00aa. Am\u00e9lia Sidumo Presidente da ACSS: Prof\u00aa. Dr\u00aa. Lu\u00edsa Santos Secretariado: Sr. Cremildo Chiconela e Sra. Kiara Dimande Endere\u00e7o: Faculdade de Agronomia e Engenharia Florestal, Universidade Eduardo Mondlane Maputo, Mo\u00e7ambique Email: acss2024@uem.mz Telefone: (+258) 867800264<\/p>\n","protected":false},"author":2,"featured_media":0,"parent":0,"menu_order":0,"comment_status":"closed","ping_status":"closed","template":"elementor_header_footer","meta":{"footnotes":""},"class_list":["post-1006","page","type-page","status-publish","hentry"],"_links":{"self":[{"href":"https:\/\/acss2024.uem.mz\/index.php\/wp-json\/wp\/v2\/pages\/1006","targetHints":{"allow":["GET"]}}],"collection":[{"href":"https:\/\/acss2024.uem.mz\/index.php\/wp-json\/wp\/v2\/pages"}],"about":[{"href":"https:\/\/acss2024.uem.mz\/index.php\/wp-json\/wp\/v2\/types\/page"}],"author":[{"embeddable":true,"href":"https:\/\/acss2024.uem.mz\/index.php\/wp-json\/wp\/v2\/users\/2"}],"replies":[{"embeddable":true,"href":"https:\/\/acss2024.uem.mz\/index.php\/wp-json\/wp\/v2\/comments?post=1006"}],"version-history":[{"count":10,"href":"https:\/\/acss2024.uem.mz\/index.php\/wp-json\/wp\/v2\/pages\/1006\/revisions"}],"predecessor-version":[{"id":1427,"href":"https:\/\/acss2024.uem.mz\/index.php\/wp-json\/wp\/v2\/pages\/1006\/revisions\/1427"}],"wp:attachment":[{"href":"https:\/\/acss2024.uem.mz\/index.php\/wp-json\/wp\/v2\/media?parent=1006"}],"curies":[{"name":"wp","href":"https:\/\/api.w.org\/{rel}","templated":true}]}}