{"id":1807,"date":"2024-03-26T16:10:55","date_gmt":"2024-03-26T16:10:55","guid":{"rendered":"https:\/\/acss2024.uem.mz\/?page_id=1807"},"modified":"2024-03-27T08:53:02","modified_gmt":"2024-03-27T08:53:02","slug":"expositores","status":"publish","type":"page","link":"https:\/\/acss2024.uem.mz\/index.php\/pt\/expositores\/","title":{"rendered":"Expositores"},"content":{"rendered":"\t\t<div data-elementor-type=\"wp-page\" data-elementor-id=\"1807\" class=\"elementor elementor-1807\">\n\t\t\t\t\t\t\t<div class=\"elementor-element elementor-element-4620ccd e-flex e-con-boxed e-con e-parent\" data-id=\"4620ccd\" data-element_type=\"container\" data-settings=\"{&quot;background_background&quot;:&quot;classic&quot;,&quot;content_width&quot;:&quot;boxed&quot;}\" data-core-v316-plus=\"true\">\n\t\t\t\t\t<div class=\"e-con-inner\">\n\t\t\t\t<div class=\"elementor-element elementor-element-2806974 elementor-widget elementor-widget-heading\" data-id=\"2806974\" data-element_type=\"widget\" data-widget_type=\"heading.default\">\n\t\t\t\t<div class=\"elementor-widget-container\">\n\t\t\t<style>\/*! elementor - v3.18.0 - 08-12-2023 *\/\n.elementor-heading-title{padding:0;margin:0;line-height:1}.elementor-widget-heading .elementor-heading-title[class*=elementor-size-]>a{color:inherit;font-size:inherit;line-height:inherit}.elementor-widget-heading .elementor-heading-title.elementor-size-small{font-size:15px}.elementor-widget-heading .elementor-heading-title.elementor-size-medium{font-size:19px}.elementor-widget-heading .elementor-heading-title.elementor-size-large{font-size:29px}.elementor-widget-heading .elementor-heading-title.elementor-size-xl{font-size:39px}.elementor-widget-heading .elementor-heading-title.elementor-size-xxl{font-size:59px}<\/style><h1 class=\"elementor-heading-title elementor-size-default\">Expositores <\/h1>\t\t<\/div>\n\t\t\t\t<\/div>\n\t\t\t\t\t<\/div>\n\t\t\t\t<\/div>\n\t\t<div class=\"elementor-element elementor-element-4acad05 e-flex e-con-boxed e-con e-parent\" data-id=\"4acad05\" data-element_type=\"container\" data-settings=\"{&quot;content_width&quot;:&quot;boxed&quot;}\" data-core-v316-plus=\"true\">\n\t\t\t\t\t<div class=\"e-con-inner\">\n\t\t\t\t<div class=\"elementor-element elementor-element-d1fbd6b elementor-widget elementor-widget-text-editor\" data-id=\"d1fbd6b\" data-element_type=\"widget\" data-widget_type=\"text-editor.default\">\n\t\t\t\t<div class=\"elementor-widget-container\">\n\t\t\t<style>\/*! elementor - v3.18.0 - 08-12-2023 *\/\n.elementor-widget-text-editor.elementor-drop-cap-view-stacked .elementor-drop-cap{background-color:#69727d;color:#fff}.elementor-widget-text-editor.elementor-drop-cap-view-framed .elementor-drop-cap{color:#69727d;border:3px solid;background-color:transparent}.elementor-widget-text-editor:not(.elementor-drop-cap-view-default) .elementor-drop-cap{margin-top:8px}.elementor-widget-text-editor:not(.elementor-drop-cap-view-default) .elementor-drop-cap-letter{width:1em;height:1em}.elementor-widget-text-editor .elementor-drop-cap{float:left;text-align:center;line-height:1;font-size:50px}.elementor-widget-text-editor .elementor-drop-cap-letter{display:inline-block}<\/style>\t\t\t\t<p data-sourcepos=\"5:1-5:290\">\u00c9 com grande entusiasmo que os convidamos a participar da 13\u00aa Confer\u00eancia Africana de Crop Science como expositores! Este evento re\u00fane os principais nomes da nossa \u00e1rea, oferecendo uma oportunidade \u00fanica de apresentar seus produtos, servi\u00e7os e ideias para um p\u00fablico altamente qualificado.<\/p><p data-sourcepos=\"15:1-15:37\"><strong>O que oferecemos aos expositores:<\/strong><\/p><ul data-sourcepos=\"17:1-21:0\"><li data-sourcepos=\"17:1-17:48\"><strong>Espa\u00e7o de exposi\u00e7\u00e3o amplo e bem localizado<\/strong><\/li><li data-sourcepos=\"19:1-19:64\"><strong>Divulga\u00e7\u00e3o da sua empresa em nossos materiais promocionais<\/strong><\/li><li data-sourcepos=\"20:1-21:0\"><strong>Oportunidades de networking com outros expositores e participantes<\/strong><\/li><\/ul><p data-sourcepos=\"22:1-22:32\"><strong>Como se tornar um expositor:<\/strong><\/p><p data-sourcepos=\"24:1-24:209\">Para se tornar um expositor na 13\u00aa Confer\u00eancia Africana de Crop Science, <a style=\"color: red; cursor: pointer;\" href=\"#button1\">baixe o formul\u00e1rio abaixo<\/a> e siga as instru\u00e7\u00f5es. As vagas s\u00e3o limitadas, por isso garanta a sua participa\u00e7\u00e3o o quanto antes!<\/p>\t\t\t\t\t\t<\/div>\n\t\t\t\t<\/div>\n\t\t\t\t<div class=\"elementor-element elementor-element-8977a37 elementor-align-center elementor-widget elementor-widget-button\" data-id=\"8977a37\" data-element_type=\"widget\" data-widget_type=\"button.default\">\n\t\t\t\t<div class=\"elementor-widget-container\">\n\t\t\t\t\t<div class=\"elementor-button-wrapper\">\n\t\t\t<a class=\"elementor-button elementor-button-link elementor-size-sm\" href=\"https:\/\/acss2024.uem.mz\/wp-content\/uploads\/2024\/03\/13a-ACSS-2024-FORMULARIO-PARA-EXPOSITORES.pdf\" download=\"\" id=\"button1\">\n\t\t\t\t\t\t<span class=\"elementor-button-content-wrapper\">\n\t\t\t\t\t\t<span class=\"elementor-button-icon elementor-align-icon-right\">\n\t\t\t\t<svg aria-hidden=\"true\" class=\"e-font-icon-svg e-fas-arrow-down\" viewBox=\"0 0 448 512\" xmlns=\"http:\/\/www.w3.org\/2000\/svg\"><path d=\"M413.1 222.5l22.2 22.2c9.4 9.4 9.4 24.6 0 33.9L241 473c-9.4 9.4-24.6 9.4-33.9 0L12.7 278.6c-9.4-9.4-9.4-24.6 0-33.9l22.2-22.2c9.5-9.5 25-9.3 34.3.4L184 343.4V56c0-13.3 10.7-24 24-24h32c13.3 0 24 10.7 24 24v287.4l114.8-120.5c9.3-9.8 24.8-10 34.3-.4z\"><\/path><\/svg>\t\t\t<\/span>\n\t\t\t\t\t\t<span class=\"elementor-button-text\">Formul\u00e1rio de Inscri\u00e7\u00e3o para Expositores<\/span>\n\t\t<\/span>\n\t\t\t\t\t<\/a>\n\t\t<\/div>\n\t\t\t\t<\/div>\n\t\t\t\t<\/div>\n\t\t\t\t\t<\/div>\n\t\t\t\t<\/div>\n\t\t\t\t\t\t\t<\/div>\n\t\t","protected":false},"excerpt":{"rendered":"<p>Expositores \u00c9 com grande entusiasmo que os convidamos a participar da 13\u00aa Confer\u00eancia Africana de Crop Science como expositores! Este evento re\u00fane os principais nomes da nossa \u00e1rea, oferecendo uma oportunidade \u00fanica de apresentar seus produtos, servi\u00e7os e ideias para um p\u00fablico altamente qualificado. O que oferecemos aos expositores: Espa\u00e7o de exposi\u00e7\u00e3o amplo e bem&#8230; <\/p>\n<div class=\"clear\"><\/div>\n<p><a href=\"https:\/\/acss2024.uem.mz\/index.php\/pt\/expositores\/\" class=\"gdlr-info-font excerpt-read-more\">Read More<\/a><\/p>\n","protected":false},"author":1,"featured_media":0,"parent":0,"menu_order":0,"comment_status":"closed","ping_status":"closed","template":"elementor_header_footer","meta":{"footnotes":""},"class_list":["post-1807","page","type-page","status-publish","hentry"],"_links":{"self":[{"href":"https:\/\/acss2024.uem.mz\/index.php\/wp-json\/wp\/v2\/pages\/1807","targetHints":{"allow":["GET"]}}],"collection":[{"href":"https:\/\/acss2024.uem.mz\/index.php\/wp-json\/wp\/v2\/pages"}],"about":[{"href":"https:\/\/acss2024.uem.mz\/index.php\/wp-json\/wp\/v2\/types\/page"}],"author":[{"embeddable":true,"href":"https:\/\/acss2024.uem.mz\/index.php\/wp-json\/wp\/v2\/users\/1"}],"replies":[{"embeddable":true,"href":"https:\/\/acss2024.uem.mz\/index.php\/wp-json\/wp\/v2\/comments?post=1807"}],"version-history":[{"count":10,"href":"https:\/\/acss2024.uem.mz\/index.php\/wp-json\/wp\/v2\/pages\/1807\/revisions"}],"predecessor-version":[{"id":1900,"href":"https:\/\/acss2024.uem.mz\/index.php\/wp-json\/wp\/v2\/pages\/1807\/revisions\/1900"}],"wp:attachment":[{"href":"https:\/\/acss2024.uem.mz\/index.php\/wp-json\/wp\/v2\/media?parent=1807"}],"curies":[{"name":"wp","href":"https:\/\/api.w.org\/{rel}","templated":true}]}}