{"id":2226,"date":"2024-07-16T16:18:15","date_gmt":"2024-07-16T16:18:15","guid":{"rendered":"https:\/\/acss2024.uem.mz\/?page_id=2226"},"modified":"2024-07-16T16:49:19","modified_gmt":"2024-07-16T16:49:19","slug":"revista-cientifica","status":"publish","type":"page","link":"https:\/\/acss2024.uem.mz\/index.php\/pt\/revista-cientifica\/","title":{"rendered":"Revista Cient\u00edfica"},"content":{"rendered":"\t\t<div data-elementor-type=\"wp-page\" data-elementor-id=\"2226\" class=\"elementor elementor-2226\">\n\t\t\t\t\t\t\t<div class=\"elementor-element elementor-element-7c40948 e-flex e-con-boxed e-con e-parent\" data-id=\"7c40948\" data-element_type=\"container\" data-settings=\"{&quot;background_background&quot;:&quot;classic&quot;,&quot;content_width&quot;:&quot;boxed&quot;}\" data-core-v316-plus=\"true\">\n\t\t\t\t\t<div class=\"e-con-inner\">\n\t\t\t\t<div class=\"elementor-element elementor-element-a1d303a elementor-widget elementor-widget-heading\" data-id=\"a1d303a\" data-element_type=\"widget\" data-widget_type=\"heading.default\">\n\t\t\t\t<div class=\"elementor-widget-container\">\n\t\t\t<style>\/*! elementor - v3.18.0 - 08-12-2023 *\/\n.elementor-heading-title{padding:0;margin:0;line-height:1}.elementor-widget-heading .elementor-heading-title[class*=elementor-size-]>a{color:inherit;font-size:inherit;line-height:inherit}.elementor-widget-heading .elementor-heading-title.elementor-size-small{font-size:15px}.elementor-widget-heading .elementor-heading-title.elementor-size-medium{font-size:19px}.elementor-widget-heading .elementor-heading-title.elementor-size-large{font-size:29px}.elementor-widget-heading .elementor-heading-title.elementor-size-xl{font-size:39px}.elementor-widget-heading .elementor-heading-title.elementor-size-xxl{font-size:59px}<\/style><h1 class=\"elementor-heading-title elementor-size-default\">Artigos Cient\u00edficos<\/h1>\t\t<\/div>\n\t\t\t\t<\/div>\n\t\t\t\t\t<\/div>\n\t\t\t\t<\/div>\n\t\t<div class=\"elementor-element elementor-element-9f196cf e-flex e-con-boxed e-con e-parent\" data-id=\"9f196cf\" data-element_type=\"container\" data-settings=\"{&quot;content_width&quot;:&quot;boxed&quot;}\" data-core-v316-plus=\"true\">\n\t\t\t\t\t<div class=\"e-con-inner\">\n\t\t\t\t<div class=\"elementor-element elementor-element-6bb89d1 elementor-widget elementor-widget-heading\" data-id=\"6bb89d1\" data-element_type=\"widget\" data-widget_type=\"heading.default\">\n\t\t\t\t<div class=\"elementor-widget-container\">\n\t\t\t<h2 class=\"elementor-heading-title elementor-size-default\">Instru\u00e7\u00f5es para a prepara\u00e7\u00e3o dos manuscritos para publica\u00e7\u00e3o na Revista\nCient\u00edfica da Universidade Eduardo Mondlane<\/h2>\t\t<\/div>\n\t\t\t\t<\/div>\n\t\t\t\t<div class=\"elementor-element elementor-element-5036699 elementor-widget elementor-widget-text-editor\" data-id=\"5036699\" data-element_type=\"widget\" data-widget_type=\"text-editor.default\">\n\t\t\t\t<div class=\"elementor-widget-container\">\n\t\t\t<style>\/*! elementor - v3.18.0 - 08-12-2023 *\/\n.elementor-widget-text-editor.elementor-drop-cap-view-stacked .elementor-drop-cap{background-color:#69727d;color:#fff}.elementor-widget-text-editor.elementor-drop-cap-view-framed .elementor-drop-cap{color:#69727d;border:3px solid;background-color:transparent}.elementor-widget-text-editor:not(.elementor-drop-cap-view-default) .elementor-drop-cap{margin-top:8px}.elementor-widget-text-editor:not(.elementor-drop-cap-view-default) .elementor-drop-cap-letter{width:1em;height:1em}.elementor-widget-text-editor .elementor-drop-cap{float:left;text-align:center;line-height:1;font-size:50px}.elementor-widget-text-editor .elementor-drop-cap-letter{display:inline-block}<\/style>\t\t\t\t<p>NOTA: Os apresentadores na CONFER\u00caNCIA DA SOCIEDADE AFRICANA DE CI\u00caNCIAS AGRON\u00d3MICAS interessados em publicar seus artigos na revista cient\u00edfica da UEM devem submeter seus artigos \/ manuscritos no per\u00edodo compreendido de <strong>30 de Julho a 20 de Setembro<\/strong>, pelo email que gere os registos, abstracts e artigos para a conferencia: acssregisto@gmail.com.<\/p><p>1- Os textos completos das comunica\u00e7\u00f5es proferidas na 13\u00aa Confer\u00eancia da Sociedade Africana de Ci\u00eancias Agron\u00f3micas (African Crop Science Society) ser\u00e3o pulicados na forma de artigos cient\u00edficos, num N\u00famero Especial da Revista Cient\u00edfica da Universidade Eduardo Mondlane, S\u00e9rie Ci\u00eancias Agron\u00f3micas, Florestais e Veterin\u00e1rias. O Template e o Gui\u00e3o de Autores desta revista est\u00e3o dispon\u00edveis em 2 idiomas, Ingl\u00eas e Portugu\u00eas em: <br \/><a href=\"http:\/\/www.revistacientifica.uem.mz\">http:\/\/www.revistacientifica.uem.mz<\/a>.<\/p>\t\t\t\t\t\t<\/div>\n\t\t\t\t<\/div>\n\t\t\t\t\t<\/div>\n\t\t\t\t<\/div>\n\t\t\t\t\t\t\t<\/div>\n\t\t","protected":false},"excerpt":{"rendered":"<p>Artigos Cient\u00edficos Instru\u00e7\u00f5es para a prepara\u00e7\u00e3o dos manuscritos para publica\u00e7\u00e3o na Revista Cient\u00edfica da Universidade Eduardo Mondlane NOTA: Os apresentadores na CONFER\u00caNCIA DA SOCIEDADE AFRICANA DE CI\u00caNCIAS AGRON\u00d3MICAS interessados em publicar seus artigos na revista cient\u00edfica da UEM devem submeter seus artigos \/ manuscritos no per\u00edodo compreendido de 30 de Julho a 20 de Setembro,&#8230; <\/p>\n<div class=\"clear\"><\/div>\n<p><a href=\"https:\/\/acss2024.uem.mz\/index.php\/pt\/revista-cientifica\/\" class=\"gdlr-info-font excerpt-read-more\">Read More<\/a><\/p>\n","protected":false},"author":1,"featured_media":0,"parent":0,"menu_order":0,"comment_status":"closed","ping_status":"closed","template":"elementor_header_footer","meta":{"footnotes":""},"class_list":["post-2226","page","type-page","status-publish","hentry"],"_links":{"self":[{"href":"https:\/\/acss2024.uem.mz\/index.php\/wp-json\/wp\/v2\/pages\/2226","targetHints":{"allow":["GET"]}}],"collection":[{"href":"https:\/\/acss2024.uem.mz\/index.php\/wp-json\/wp\/v2\/pages"}],"about":[{"href":"https:\/\/acss2024.uem.mz\/index.php\/wp-json\/wp\/v2\/types\/page"}],"author":[{"embeddable":true,"href":"https:\/\/acss2024.uem.mz\/index.php\/wp-json\/wp\/v2\/users\/1"}],"replies":[{"embeddable":true,"href":"https:\/\/acss2024.uem.mz\/index.php\/wp-json\/wp\/v2\/comments?post=2226"}],"version-history":[{"count":10,"href":"https:\/\/acss2024.uem.mz\/index.php\/wp-json\/wp\/v2\/pages\/2226\/revisions"}],"predecessor-version":[{"id":2252,"href":"https:\/\/acss2024.uem.mz\/index.php\/wp-json\/wp\/v2\/pages\/2226\/revisions\/2252"}],"wp:attachment":[{"href":"https:\/\/acss2024.uem.mz\/index.php\/wp-json\/wp\/v2\/media?parent=2226"}],"curies":[{"name":"wp","href":"https:\/\/api.w.org\/{rel}","templated":true}]}}