{"id":38,"date":"2023-12-18T10:57:20","date_gmt":"2023-12-18T10:57:20","guid":{"rendered":"https:\/\/acss2024.uem.mz\/?page_id=38"},"modified":"2024-02-22T10:49:23","modified_gmt":"2024-02-22T10:49:23","slug":"conferencia","status":"publish","type":"page","link":"https:\/\/acss2024.uem.mz\/index.php\/pt\/conferencia\/","title":{"rendered":"Contextualiza\u00e7\u00e3o"},"content":{"rendered":"\t\t<div data-elementor-type=\"wp-page\" data-elementor-id=\"38\" class=\"elementor elementor-38\">\n\t\t\t\t\t\t\t<div class=\"elementor-element elementor-element-e5726b2 e-flex e-con-boxed e-con e-parent\" data-id=\"e5726b2\" data-element_type=\"container\" data-settings=\"{&quot;background_background&quot;:&quot;classic&quot;,&quot;content_width&quot;:&quot;boxed&quot;}\" data-core-v316-plus=\"true\">\n\t\t\t\t\t<div class=\"e-con-inner\">\n\t\t\t\t<div class=\"elementor-element elementor-element-346b272 elementor-widget elementor-widget-heading\" data-id=\"346b272\" data-element_type=\"widget\" data-widget_type=\"heading.default\">\n\t\t\t\t<div class=\"elementor-widget-container\">\n\t\t\t<style>\/*! elementor - v3.18.0 - 08-12-2023 *\/\n.elementor-heading-title{padding:0;margin:0;line-height:1}.elementor-widget-heading .elementor-heading-title[class*=elementor-size-]>a{color:inherit;font-size:inherit;line-height:inherit}.elementor-widget-heading .elementor-heading-title.elementor-size-small{font-size:15px}.elementor-widget-heading .elementor-heading-title.elementor-size-medium{font-size:19px}.elementor-widget-heading .elementor-heading-title.elementor-size-large{font-size:29px}.elementor-widget-heading .elementor-heading-title.elementor-size-xl{font-size:39px}.elementor-widget-heading .elementor-heading-title.elementor-size-xxl{font-size:59px}<\/style><h1 class=\"elementor-heading-title elementor-size-default\">Contextualiza\u00e7\u00e3o<\/h1>\t\t<\/div>\n\t\t\t\t<\/div>\n\t\t\t\t\t<\/div>\n\t\t\t\t<\/div>\n\t\t<div class=\"elementor-element elementor-element-1287761 e-flex e-con-boxed e-con e-parent\" data-id=\"1287761\" data-element_type=\"container\" data-settings=\"{&quot;content_width&quot;:&quot;boxed&quot;}\" data-core-v316-plus=\"true\">\n\t\t\t\t\t<div class=\"e-con-inner\">\n\t\t\t\t<div class=\"elementor-element elementor-element-2643aca elementor-widget elementor-widget-text-editor\" data-id=\"2643aca\" data-element_type=\"widget\" data-widget_type=\"text-editor.default\">\n\t\t\t\t<div class=\"elementor-widget-container\">\n\t\t\t<style>\/*! elementor - v3.18.0 - 08-12-2023 *\/\n.elementor-widget-text-editor.elementor-drop-cap-view-stacked .elementor-drop-cap{background-color:#69727d;color:#fff}.elementor-widget-text-editor.elementor-drop-cap-view-framed .elementor-drop-cap{color:#69727d;border:3px solid;background-color:transparent}.elementor-widget-text-editor:not(.elementor-drop-cap-view-default) .elementor-drop-cap{margin-top:8px}.elementor-widget-text-editor:not(.elementor-drop-cap-view-default) .elementor-drop-cap-letter{width:1em;height:1em}.elementor-widget-text-editor .elementor-drop-cap{float:left;text-align:center;line-height:1;font-size:50px}.elementor-widget-text-editor .elementor-drop-cap-letter{display:inline-block}<\/style>\t\t\t\t<p><strong>A African Crop Science Society (ACSS)<\/strong> est\u00e1 a organizar a sua<strong> 13\u00aa Confer\u00eancia<\/strong> que ser\u00e1 organizada pela Universidade Eduardo Mondlane em colabora\u00e7\u00e3o com o Instituto de Investiga\u00e7\u00e3o Agr\u00e1ria de Mo\u00e7ambique (IIAM) e v\u00e1rias institui\u00e7\u00f5es de ensino superior em Mo\u00e7ambique. A confer\u00eancia ter\u00e1 lugar\u00a0 de 16 a 19 de Setembro de 2024, em Maputo, Mo\u00e7ambique.<\/p><p>A Confer\u00eancia proporcionar\u00e1 uma plataforma para a partilha e discuss\u00e3o dos resultados da investiga\u00e7\u00e3o que tragam solu\u00e7\u00f5es para melhorar o desenvolvimento agr\u00e1rio em \u00c1frica. Espera-se a participa\u00e7\u00e3o de mais de 400 cientistas e\u00a0 inovadores, agricultores, empres\u00e1rios e agroind\u00fastrias, educadores e decisores pol\u00edticos envolvidos em cadeias de valor relacionadas com a agricultura de toda a \u00c1frica.<\/p><p>Grande parte de \u00c1frica conheceu nos \u00faltimos anos um r\u00e1pido crescimento agr\u00e1rio e econ\u00f3mico. Ao mesmo tempo, o crescimento demogr\u00e1fico e as altera\u00e7\u00f5es demogr\u00e1ficas, a migra\u00e7\u00e3o rural-urbana e o aumento do acesso \u00e0 informa\u00e7\u00e3o e \u00e0 comunica\u00e7\u00e3o transformaram a procura e os sistemas alimentares. Em muitos pa\u00edses, o mercado interno de alimentos est\u00e1 se tornando mais atraente para os agricultores do que as culturas tradicionais de exporta\u00e7\u00e3o e as actividades p\u00f3s-colheita da economia alimentar, como processamento, log\u00edstica e retalho, est\u00e3o se desenvolvendo rapidamente (FAO, 2016). Al\u00e9m disso, est\u00e1 em curso uma transforma\u00e7\u00e3o de uma agricultura de subsist\u00eancia para uma mais comercializada e integrada em cadeias de valor nacionais e internacionais impulsionadas por pequenas e m\u00e9dias empresas do setor privado (PME). Estes desenvolvimentos est\u00e3o a criar novas oportunidades de crescimento para a agricultura africana.<\/p><p>No entanto, o crescimento agr\u00e1rio sustent\u00e1vel em \u00c1frica enfrenta v\u00e1rios desafios. A inseguran\u00e7a alimentar e a subnutri\u00e7\u00e3o continuam a ser uma grande preocupa\u00e7\u00e3o em todo o continente e, se n\u00e3o forem tomadas medidas, ser\u00e3o exacerbadas pelo elevado crescimento demogr\u00e1fico. A estagna\u00e7\u00e3o e a baixa produtividade devido \u00e0 falta de factores de produ\u00e7\u00e3o continuam a ser um dos principais desafios que a agricultura africana enfrenta, uma vez que o aumento da produ\u00e7\u00e3o tem sido principalmente o resultado do aumento da popula\u00e7\u00e3o e da expans\u00e3o da \u00e1rea. O impacto das altera\u00e7\u00f5es clim\u00e1ticas \u00e9 outro desafio que a agricultura em \u00c1frica enfrenta. A elevada taxa de aumento da temperatura no continente est\u00e1 a ser acompanhada pelo aumento da ocorr\u00eancia de secas, mais elevada em \u00c1frica em compara\u00e7\u00e3o com a maioria das outras regi\u00f5es do mundo. Infelizmente, \u00c1frica sofre desproporcionadamente com as altera\u00e7\u00f5es clim\u00e1ticas devido \u00e0 pobreza e \u00e0 depend\u00eancia excessiva das chuvas. \u00c1frica tem uma popula\u00e7\u00e3o jovem e a agricultura familiar continuar\u00e1 a ser a maior fonte de emprego na pr\u00f3xima d\u00e9cada (BM, 2016). Modernizar e tornar o setor agr\u00edcola atrativo para os jovens \u00e9 outro desafio importante que a agricultura africana enfrenta, com um elevado impacto potencial na redu\u00e7\u00e3o da pobreza e no crescimento agr\u00e1rio (FAO, 2016).<\/p><p>Esses desafios exigem inova\u00e7\u00f5es robustas e din\u00e2micas que visem a agricultura tradicional e seus ambientes estressantes. A investiga\u00e7\u00e3o e a inova\u00e7\u00e3o no dom\u00ednio das culturas s\u00e3o a espinha dorsal do cresciment agr\u00e1rio sustent\u00e1vel, trazendo novos conhecimentos e solu\u00e7\u00f5es pr\u00e1ticas para os problemas enfrentados pelos agricultores e empres\u00e1rios. A African Crop Science Society (ACSS) oferece uma das plataformas mais posicionadas para a partilha de a\u00e7\u00f5es, inova\u00e7\u00f5es e outros desenvolvimentos na ci\u00eancia e produ\u00e7\u00e3o agr\u00e1ria em \u00c1frica.<\/p>\t\t\t\t\t\t<\/div>\n\t\t\t\t<\/div>\n\t\t\t\t\t<\/div>\n\t\t\t\t<\/div>\n\t\t\t\t\t\t\t<\/div>\n\t\t","protected":false},"excerpt":{"rendered":"<p>Contextualiza\u00e7\u00e3o A African Crop Science Society (ACSS) est\u00e1 a organizar a sua 13\u00aa Confer\u00eancia que ser\u00e1 organizada pela Universidade Eduardo Mondlane em colabora\u00e7\u00e3o com o Instituto de Investiga\u00e7\u00e3o Agr\u00e1ria de Mo\u00e7ambique (IIAM) e v\u00e1rias institui\u00e7\u00f5es de ensino superior em Mo\u00e7ambique. A confer\u00eancia ter\u00e1 lugar\u00a0 de 16 a 19 de Setembro de 2024, em Maputo, Mo\u00e7ambique&#8230;. <\/p>\n<div class=\"clear\"><\/div>\n<p><a href=\"https:\/\/acss2024.uem.mz\/index.php\/pt\/conferencia\/\" class=\"gdlr-info-font excerpt-read-more\">Read More<\/a><\/p>\n","protected":false},"author":1,"featured_media":0,"parent":0,"menu_order":0,"comment_status":"closed","ping_status":"closed","template":"elementor_header_footer","meta":{"footnotes":""},"class_list":["post-38","page","type-page","status-publish","hentry"],"_links":{"self":[{"href":"https:\/\/acss2024.uem.mz\/index.php\/wp-json\/wp\/v2\/pages\/38","targetHints":{"allow":["GET"]}}],"collection":[{"href":"https:\/\/acss2024.uem.mz\/index.php\/wp-json\/wp\/v2\/pages"}],"about":[{"href":"https:\/\/acss2024.uem.mz\/index.php\/wp-json\/wp\/v2\/types\/page"}],"author":[{"embeddable":true,"href":"https:\/\/acss2024.uem.mz\/index.php\/wp-json\/wp\/v2\/users\/1"}],"replies":[{"embeddable":true,"href":"https:\/\/acss2024.uem.mz\/index.php\/wp-json\/wp\/v2\/comments?post=38"}],"version-history":[{"count":10,"href":"https:\/\/acss2024.uem.mz\/index.php\/wp-json\/wp\/v2\/pages\/38\/revisions"}],"predecessor-version":[{"id":1420,"href":"https:\/\/acss2024.uem.mz\/index.php\/wp-json\/wp\/v2\/pages\/38\/revisions\/1420"}],"wp:attachment":[{"href":"https:\/\/acss2024.uem.mz\/index.php\/wp-json\/wp\/v2\/media?parent=38"}],"curies":[{"name":"wp","href":"https:\/\/api.w.org\/{rel}","templated":true}]}}